{"id":1605,"date":"2020-02-27T16:38:29","date_gmt":"2020-02-27T15:38:29","guid":{"rendered":"https:\/\/www.lemoulindegemages.com\/access-contact\/"},"modified":"2026-02-05T14:43:25","modified_gmt":"2026-02-05T13:43:25","slug":"access-contact","status":"publish","type":"page","link":"https:\/\/www.lemoulindegemages.com\/en\/access-contact\/","title":{"rendered":"Access &#038; Contact"},"content":{"rendered":"\t\t<div data-elementor-type=\"wp-page\" data-elementor-id=\"1605\" class=\"elementor elementor-1605 elementor-557\" data-elementor-settings=\"[]\">\n\t\t\t\t\t\t<div class=\"elementor-inner\">\n\t\t\t\t\t\t\t<div class=\"elementor-section-wrap\">\n\t\t\t\t\t\t\t<section class=\"elementor-section elementor-top-section elementor-element elementor-element-0952696 elementor-section-boxed elementor-section-height-default elementor-section-height-default parallax_section_no qode_elementor_container_no\" data-id=\"0952696\" data-element_type=\"section\">\n\t\t\t\t\t\t<div class=\"elementor-container elementor-column-gap-default\">\n\t\t\t\t\t\t\t<div class=\"elementor-row\">\n\t\t\t\t\t<div class=\"elementor-column elementor-col-100 elementor-top-column elementor-element elementor-element-f632fd5\" data-id=\"f632fd5\" data-element_type=\"column\">\n\t\t\t<div class=\"elementor-column-wrap elementor-element-populated\">\n\t\t\t\t\t\t\t<div class=\"elementor-widget-wrap\">\n\t\t\t\t\t\t<div class=\"elementor-element elementor-element-c1386a6 elementor-widget elementor-widget-text-editor\" data-id=\"c1386a6\" data-element_type=\"widget\" data-widget_type=\"text-editor.default\">\n\t\t\t\t<div class=\"elementor-widget-container\">\n\t\t\t\t\t<div class=\"elementor-text-editor elementor-clearfix\"><h2>To contact us, please complete the form below<\/h2>\n<\/div>\n\t\t\t\t<\/div>\n\t\t\t\t<\/div>\n\t\t\t\t<div class=\"elementor-element elementor-element-23cc7f4 elementor-widget elementor-widget-bridge_cf_7\" data-id=\"23cc7f4\" data-element_type=\"widget\" data-widget_type=\"bridge_cf_7.default\">\n\t\t\t\t<div class=\"elementor-widget-container\">\n\t\t\t    <div class=\"elementor-shortcode void-cf7-0\">\n    <div role=\"form\" class=\"wpcf7\" id=\"wpcf7-f75-o1\" lang=\"en-US\" dir=\"ltr\">\n<div class=\"screen-reader-response\"><p role=\"status\" aria-live=\"polite\" aria-atomic=\"true\"><\/p> <ul><\/ul><\/div>\n<form action=\"\/en\/wp-json\/wp\/v2\/pages\/1605#wpcf7-f75-o1\" method=\"post\" class=\"wpcf7-form init\" novalidate=\"novalidate\" data-status=\"init\">\n<div style=\"display: none;\">\n<input type=\"hidden\" name=\"_wpcf7\" value=\"75\" \/>\n<input type=\"hidden\" name=\"_wpcf7_version\" value=\"5.3.2\" \/>\n<input type=\"hidden\" name=\"_wpcf7_locale\" value=\"en_US\" \/>\n<input type=\"hidden\" name=\"_wpcf7_unit_tag\" value=\"wpcf7-f75-o1\" \/>\n<input type=\"hidden\" name=\"_wpcf7_container_post\" value=\"0\" \/>\n<input type=\"hidden\" name=\"_wpcf7_posted_data_hash\" value=\"\" \/>\n<\/div>\n<div class=\"column one\"><label><span class=\"wpcf7-form-control-wrap your-name\"><input type=\"text\" name=\"your-name\" value=\"\" size=\"40\" class=\"wpcf7-form-control wpcf7-text wpcf7-validates-as-required\" aria-required=\"true\" aria-invalid=\"false\" placeholder=\"Votre nom\" \/><\/span><\/label><\/div>\n<div class=\"column one-second\"><label style=\"margin-right:10px\"><span class=\"wpcf7-form-control-wrap your-email\"><input type=\"email\" name=\"your-email\" value=\"\" size=\"40\" class=\"wpcf7-form-control wpcf7-text wpcf7-email wpcf7-validates-as-required wpcf7-validates-as-email\" aria-required=\"true\" aria-invalid=\"false\" placeholder=\"Votre adresse de messagerie\" \/><\/span><\/label><\/div>\n<div class=\"column one-second\"><label style=\"margin-right:10px\"><span class=\"wpcf7-form-control-wrap your-subject\"><input type=\"text\" name=\"your-subject\" value=\"\" size=\"40\" class=\"wpcf7-form-control wpcf7-text\" aria-invalid=\"false\" placeholder=\"Objet\" \/><\/span><\/label><\/div>\n<div class=\"column one\"><label><span class=\"wpcf7-form-control-wrap your-message\"><textarea name=\"your-message\" cols=\"40\" rows=\"10\" class=\"wpcf7-form-control wpcf7-textarea\" aria-invalid=\"false\" placeholder=\"Votre message\"><\/textarea><\/span><\/label><\/div>\n<p><span class=\"wpcf7-form-control-wrap checkbox-585\"><span class=\"wpcf7-form-control wpcf7-checkbox wpcf7-validates-as-required\"><span class=\"wpcf7-list-item first last\"><input type=\"checkbox\" name=\"checkbox-585[]\" value=\"Case d&#039;acceptation RGPD\" \/><span class=\"wpcf7-list-item-label\">Case d&#039;acceptation RGPD<\/span><\/span><\/span><\/span><\/p>\n<div>En cochant la case ci-contre, j'atteste avoir pris connaissance et accept\u00e9 les <a href=\"https:\/\/www.lemoulindegemages.com\/politique-de-confidentialite\/\" target=\"_blank\">conditions d'utilisation et de la politique de confidentialit\u00e9 du Moulin de G\u00e9mages <\/a>. Je suis inform\u00e9(e) que ce formulaire et les donn\u00e9es aff\u00e9rentes sont transmises par mes soins collect\u00e9es et trait\u00e9es dans un objectif de demande de contact et de relation commerciale en d\u00e9coulant uniquement aupr\u00e8s du Moulin de G\u00e9mages. Pour toute information, demande d'acc\u00e8s, rectification, suppression, je peux m'adresser directement \u00e0 <a href=\"mailto:info@lemoulindegemages.com\" target=\"_blank\">info@lemoulindegemages.com<\/a>\n<div>\n<p><br><\/p>\n<p>[recaptcha]<\/p>\n<p><br><\/p>\n<p><input type=\"submit\" value=\"Envoyer\" class=\"wpcf7-form-control wpcf7-submit\" \/><\/p>\n<div class=\"wpcf7-response-output\" aria-hidden=\"true\"><\/div><\/form><\/div>    <\/div>\n\t\t<\/div>\n\t\t\t\t<\/div>\n\t\t\t\t<div class=\"elementor-element elementor-element-363ad14 elementor-widget elementor-widget-text-editor\" data-id=\"363ad14\" data-element_type=\"widget\" data-widget_type=\"text-editor.default\">\n\t\t\t\t<div class=\"elementor-widget-container\">\n\t\t\t\t\t<div class=\"elementor-text-editor elementor-clearfix\"><div class=\"get_in_touch_wrapper\">\n<p><span class=\"address_wrapper\">Le Moulin de G\u00e9mages<\/span><\/p>\n<p><span class=\"address_wrapper\">1 Chemin du Moulin de G\u00e9mages<br>61130 Val-au-Perche<br>FRANCE<\/span><\/p>\n<p><a href=\"tel:+33(0)233251572\">+33 (0)2 33 25 15 72<\/a><\/p>\n<p><a href=\"mailto:info@lemoulindegemages.com\">info@lemoulindegemages.com<\/a><\/p>\n<\/div><\/div>\n\t\t\t\t<\/div>\n\t\t\t\t<\/div>\n\t\t\t\t\t\t<\/div>\n\t\t\t\t\t<\/div>\n\t\t<\/div>\n\t\t\t\t\t\t\t\t<\/div>\n\t\t\t\t\t<\/div>\n\t\t<\/section>\n\t\t\t\t<section class=\"elementor-section elementor-top-section elementor-element elementor-element-aaebdb5 elementor-section-boxed elementor-section-height-default elementor-section-height-default parallax_section_no qode_elementor_container_no\" data-id=\"aaebdb5\" data-element_type=\"section\">\n\t\t\t\t\t\t<div class=\"elementor-container elementor-column-gap-default\">\n\t\t\t\t\t\t\t<div class=\"elementor-row\">\n\t\t\t\t\t<div class=\"elementor-column elementor-col-100 elementor-top-column elementor-element elementor-element-9d73fda\" data-id=\"9d73fda\" data-element_type=\"column\">\n\t\t\t<div class=\"elementor-column-wrap elementor-element-populated\">\n\t\t\t\t\t\t\t<div class=\"elementor-widget-wrap\">\n\t\t\t\t\t\t<div class=\"elementor-element elementor-element-c4499ca elementor-widget elementor-widget-text-editor\" data-id=\"c4499ca\" data-element_type=\"widget\" data-widget_type=\"text-editor.default\">\n\t\t\t\t<div class=\"elementor-widget-container\">\n\t\t\t\t\t<div class=\"elementor-text-editor elementor-clearfix\"><\/div>\n\t\t\t\t<\/div>\n\t\t\t\t<\/div>\n\t\t\t\t<div class=\"elementor-element elementor-element-885d0ff elementor-widget elementor-widget-text-editor\" data-id=\"885d0ff\" data-element_type=\"widget\" data-widget_type=\"text-editor.default\">\n\t\t\t\t<div class=\"elementor-widget-container\">\n\t\t\t\t\t<div class=\"elementor-text-editor elementor-clearfix\"><h4>Easy access to Le Moulin de Gemages, close to major routes.<\/h4>\n<h4>Paris Sud (1h30), Chartres (45&#8242;), Le Mans (35&#8242;), Alen\u00e7on (45&#8242;))<\/h4>\n<\/div>\n\t\t\t\t<\/div>\n\t\t\t\t<\/div>\n\t\t\t\t\t\t<\/div>\n\t\t\t\t\t<\/div>\n\t\t<\/div>\n\t\t\t\t\t\t\t\t<\/div>\n\t\t\t\t\t<\/div>\n\t\t<\/section>\n\t\t\t\t<section class=\"elementor-section elementor-top-section elementor-element elementor-element-f3bdd3d elementor-section-stretched elementor-section-full_width elementor-section-height-default elementor-section-height-default parallax_section_no qode_elementor_container_no\" data-id=\"f3bdd3d\" data-element_type=\"section\" data-settings=\"{&quot;stretch_section&quot;:&quot;section-stretched&quot;}\">\n\t\t\t\t\t\t<div class=\"elementor-container elementor-column-gap-default\">\n\t\t\t\t\t\t\t<div class=\"elementor-row\">\n\t\t\t\t\t<div class=\"elementor-column elementor-col-100 elementor-top-column elementor-element elementor-element-84aa41e\" data-id=\"84aa41e\" data-element_type=\"column\">\n\t\t\t<div class=\"elementor-column-wrap elementor-element-populated\">\n\t\t\t\t\t\t\t<div class=\"elementor-widget-wrap\">\n\t\t\t\t\t\t<div class=\"elementor-element elementor-element-a37aac2 elementor-widget elementor-widget-html\" data-id=\"a37aac2\" data-element_type=\"widget\" data-widget_type=\"html.default\">\n\t\t\t\t<div class=\"elementor-widget-container\">\n\t\t\t<iframe src=\"https:\/\/www.google.com\/maps\/embed?pb=!1m14!1m8!1m3!1d5308.804771838814!2d0.613331!3d48.295112!3m2!1i1024!2i768!4f13.1!3m3!1m2!1s0x47e24c40579935c9%3A0x751cfd2b6db47c9c!2sLe%20Moulin%20de%20G%C3%A9mages!5e0!3m2!1sfr!2sfr!4v1579081933202!5m2!1sfr!2sfr\" width=\"1000\" height=\"450\" frameborder=\"0\" style=\"border:0;\" allowfullscreen=\"\"><\/iframe>\t\t<\/div>\n\t\t\t\t<\/div>\n\t\t\t\t\t\t<\/div>\n\t\t\t\t\t<\/div>\n\t\t<\/div>\n\t\t\t\t\t\t\t\t<\/div>\n\t\t\t\t\t<\/div>\n\t\t<\/section>\n\t\t\t\t<section class=\"elementor-section elementor-top-section elementor-element elementor-element-add39ad elementor-section-boxed elementor-section-height-default elementor-section-height-default parallax_section_no qode_elementor_container_no\" data-id=\"add39ad\" data-element_type=\"section\">\n\t\t\t\t\t\t<div class=\"elementor-container elementor-column-gap-default\">\n\t\t\t\t\t\t\t<div class=\"elementor-row\">\n\t\t\t\t\t<div class=\"elementor-column elementor-col-100 elementor-top-column elementor-element elementor-element-0f4419b\" data-id=\"0f4419b\" data-element_type=\"column\">\n\t\t\t<div class=\"elementor-column-wrap elementor-element-populated\">\n\t\t\t\t\t\t\t<div class=\"elementor-widget-wrap\">\n\t\t\t\t\t\t<div class=\"elementor-element elementor-element-e5d0e02 elementor-widget elementor-widget-text-editor\" data-id=\"e5d0e02\" data-element_type=\"widget\" data-widget_type=\"text-editor.default\">\n\t\t\t\t<div class=\"elementor-widget-container\">\n\t\t\t\t\t<div class=\"elementor-text-editor elementor-clearfix\"><h4><\/h4>\n<h4><strong>Our advice to reach us\/arrive :<\/p>\n<p><\/strong><\/h4>\n<p><strong>Private car<\/strong> :<br \/>\nFrom Paris, take highway A10 then A11 towards Chartres &#8211; Le Mans<br \/>\nExit at &#8220;la Fert\u00e9-Bernard&#8221; and follow &#8220;la Fert\u00e9-Bernard&#8221;.<\/p>\n<p>At &#8220;la Fert\u00e9-Bernard&#8221; follow Bell\u00eame<br \/>\nGo through Pr\u00e9val and Saint-Germain de la Coudre<br \/>\nAt 1.2 km of Saint- Germain de la Coudre, turn right towards G\u00e9mages.<\/p>\n<p>Pass the small bridge and turn left towards the place called &#8220;Le Moulin&#8221;<br \/>\nContinue straight, it&#8217;s at the end of the road.<\/p>\n<p><strong>Public transports<\/strong> :<br \/>\nTER train from Montparnasse station, direction Chartres \/ Le Mans &#8211; Stop at Nogent le Rotrou or La Fert\u00e9 Bernard station<br \/>\nTGV train: from Marne La Vall\u00e9e to Le Mans, then TER train from Le Mans to La Fert\u00e9 Bernard<\/p>\n<p><strong><br \/>\nPrivate plane<\/strong> :<br \/>\nLanding at Mortagne au Perche, then plan transport from Mortagne to G\u00e9mages (30 kms)<\/p>\n<\/div>\n\t\t\t\t<\/div>\n\t\t\t\t<\/div>\n\t\t\t\t\t\t<\/div>\n\t\t\t\t\t<\/div>\n\t\t<\/div>\n\t\t\t\t\t\t\t\t<\/div>\n\t\t\t\t\t<\/div>\n\t\t<\/section>\n\t\t\t\t\t\t<\/div>\n\t\t\t\t\t\t<\/div>\n\t\t\t\t\t<\/div>\n\t\t","protected":false},"excerpt":{"rendered":"<p>To contact us, please complete the form below Case d&#039;acceptation RGPD En cochant la case ci-contre, j&#8217;atteste avoir pris connaissance et accept\u00e9 les conditions d&#8217;utilisation et de la politique de confidentialit\u00e9 du Moulin de G\u00e9mages . Je suis inform\u00e9(e) que ce formulaire et les donn\u00e9es aff\u00e9rentes sont transmises par mes soins collect\u00e9es et trait\u00e9es dans un objectif de demande de contact et de relation commerciale en d\u00e9coulant uniquement aupr\u00e8s du Moulin de G\u00e9mages. Pour toute information, demande d&#8217;acc\u00e8s, rectification, suppression, je peux m&#8217;adresser directement \u00e0 info@lemoulindegemages.com [recaptcha] Le Moulin de G\u00e9mages 1 Chemin du Moulin de G\u00e9mages61130 Val-au-PercheFRANCE +33 (0)2&#8230;<\/p>\n","protected":false},"author":1,"featured_media":0,"parent":0,"menu_order":0,"comment_status":"closed","ping_status":"closed","template":"","meta":[],"_links":{"self":[{"href":"https:\/\/www.lemoulindegemages.com\/en\/wp-json\/wp\/v2\/pages\/1605"}],"collection":[{"href":"https:\/\/www.lemoulindegemages.com\/en\/wp-json\/wp\/v2\/pages"}],"about":[{"href":"https:\/\/www.lemoulindegemages.com\/en\/wp-json\/wp\/v2\/types\/page"}],"author":[{"embeddable":true,"href":"https:\/\/www.lemoulindegemages.com\/en\/wp-json\/wp\/v2\/users\/1"}],"replies":[{"embeddable":true,"href":"https:\/\/www.lemoulindegemages.com\/en\/wp-json\/wp\/v2\/comments?post=1605"}],"version-history":[{"count":17,"href":"https:\/\/www.lemoulindegemages.com\/en\/wp-json\/wp\/v2\/pages\/1605\/revisions"}],"predecessor-version":[{"id":32750,"href":"https:\/\/www.lemoulindegemages.com\/en\/wp-json\/wp\/v2\/pages\/1605\/revisions\/32750"}],"wp:attachment":[{"href":"https:\/\/www.lemoulindegemages.com\/en\/wp-json\/wp\/v2\/media?parent=1605"}],"curies":[{"name":"wp","href":"https:\/\/api.w.org\/{rel}","templated":true}]}}